{"id":8149,"date":"2023-02-16T19:01:40","date_gmt":"2023-02-16T18:01:40","guid":{"rendered":"https:\/\/oliviadroeshaut.com\/test\/?page_id=8149"},"modified":"2023-02-16T19:01:41","modified_gmt":"2023-02-16T18:01:41","slug":"solitude-s","status":"publish","type":"page","link":"https:\/\/oliviadroeshaut.com\/test\/solitude-s\/","title":{"rendered":"Solitude.s."},"content":{"rendered":"\n<figure class=\"wp-block-image alignwide size-large\"><img loading=\"lazy\" decoding=\"async\" width=\"1024\" height=\"682\" src=\"https:\/\/oliviadroeshaut.com\/test\/wp-content\/uploads\/2023\/02\/1_DYO0829-1024x682.jpg\" alt=\"\" class=\"wp-image-8161\" srcset=\"https:\/\/oliviadroeshaut.com\/test\/wp-content\/uploads\/2023\/02\/1_DYO0829-1024x682.jpg 1024w, https:\/\/oliviadroeshaut.com\/test\/wp-content\/uploads\/2023\/02\/1_DYO0829-300x200.jpg 300w, https:\/\/oliviadroeshaut.com\/test\/wp-content\/uploads\/2023\/02\/1_DYO0829-768x512.jpg 768w, https:\/\/oliviadroeshaut.com\/test\/wp-content\/uploads\/2023\/02\/1_DYO0829.jpg 1400w\" sizes=\"auto, (max-width: 1024px) 100vw, 1024px\" \/><\/figure>\n\n\n\n<h2 class=\"has-text-align-left wp-block-heading\">\u00ab\u00a0<em>Le petit a \u00e9t\u00e9 exclusivement nourri par sa m\u00e8re. Un homme l\u2019a assomm\u00e9. Il a tranch\u00e9 une art\u00e8re et le sang a coul\u00e9. Il a enlev\u00e9 les organes encore chauds. Le petit a \u00e9t\u00e9 lav\u00e9, farci, r\u00f4ti. Servi \u00e0 notre table. Elles sont mon pass\u00e9 et mon avenir. Tu nous regardes et tu nous juges mais que sait-tu&nbsp;? Dans le reflet du miroir et dans la vie, nous nous reproduisons \u00e0 l\u2019infini, chacune de nous finra encadr\u00e9e sur le mur, et alors&nbsp;? Tu te demandes si je lui offre de la tendresse ou si je vais lui tordre le cou, tu ignores tout de nous. Tu te demandes laquelle parmi nous a hachur\u00e9 la gueule du patriarche. Et si c\u2019\u00e9tait lui&nbsp;? S\u2019il avait choisi de nous enfermer, \u00e0 ce point-l\u00e0, dans un gribouillage violent. Et si c\u2019\u00e9tait moi&nbsp;? Pour survivre, par exemple. Hachurer le vieux pour ouvrir une fen\u00eatre dans ma jeunesse, autre chose que ce miroir cruel. En finir avec son regard \u00e0 lui. Nos assiettes sont d\u00e9j\u00e0 remplies. La mienne m\u2019attend. Je n\u2019ai pas faim de leurs d\u00e9chets, je ne mangerai pas non plus le petit que seule sa m\u00e8re a nourri. Tu nous regardes&nbsp;? Non. C\u2019est moi qui te regarde. Et ma m\u00e8re croit qu\u2019elle rit.<\/em>\u00a0\u00bb &#8211; E.Kavian.<\/h2>\n\n\n\n<style type='text\/css'>\n    #ngg-gallery-b88ddbc09135063e5cb04cec5474b3cb .ngg-pro-masonry-item {\n        margin-bottom: 10px;\n    }\n<\/style>\n<div class=\"ngg-pro-masonry-wrapper\">\n    <div class=\"ngg-pro-masonry-spinner\">\n        <i class='fa fa-spin fa-spinner'><\/i>\n    <\/div>\n    <div class=\"ngg-pro-masonry\" id=\"ngg-gallery-b88ddbc09135063e5cb04cec5474b3cb\">\n        <div class='ngg-pro-masonry-gutter' style='width: 10px'><\/div>\n        <div class='ngg-pro-masonry-sizer' style='width: 320px'><\/div>\n                    <div class='ngg-pro-masonry-item' style='height: 213px; max-width: 320px;'>\n                <a href=\"https:\/\/oliviadroeshaut.com\/test\/wp-content\/gallery\/solitudes\/1_DYO0829.jpg\"\n                   title=\"\"\n                   data-src=\"https:\/\/oliviadroeshaut.com\/test\/wp-content\/gallery\/solitudes\/1_DYO0829.jpg\"\n                   data-thumbnail=\"https:\/\/oliviadroeshaut.com\/test\/wp-content\/gallery\/solitudes\/cache\/1_DYO0829.jpg-nggid03209-ngg0dyn-320x0-00f0w010c010r110f110r010t010.jpg\"\n                   data-image-id=\"209\"\n                   data-title=\"Solitude.s.\"\n                   data-description=\"\"\n                   data-ngg-captions-nostylecopy=\"1\"\n                    class='nextgen_pro_lightbox' data-nplmodal-gallery-id='b88ddbc09135063e5cb04cec5474b3cb' data-ngg-protect=\"1\" data-ngg-captions-enabled=\"1\" data-ngg-captions-id=\"b88ddbc09135063e5cb04cec5474b3cb\">\n                    <picture>\n\t\n<source srcset='https:\/\/oliviadroeshaut.com\/test\/wp-content\/gallery\/solitudes\/cache\/1_DYO0829.jpg-nggid03209-ngg0dyn-320x0-00f0w010c010r110f110r010t010.jpg' media=''>\n<img title=\"Solitude.s.\" alt=\"Solitude.s.\" width=\"320\" height=\"213\" style=\"max-width:320px;max-height:213px\" src=\"https:\/\/oliviadroeshaut.com\/test\/wp-content\/gallery\/solitudes\/cache\/1_DYO0829.jpg-nggid03209-ngg0dyn-320x0-00f0w010c010r110f110r010t010.jpg\" srcset=\"https:\/\/oliviadroeshaut.com\/test\/wp-content\/gallery\/solitudes\/cache\/1_DYO0829.jpg-nggid03209-ngg0dyn-320x0-00f0w010c010r110f110r010t010.jpg\" onerror=\"nggRetryFailedImage(this);\"\/>\n<\/picture>                <\/a>\n            <\/div>\n                                            <div class='ngg-pro-masonry-item' style='height: 480px; max-width: 320px;'>\n                <a href=\"https:\/\/oliviadroeshaut.com\/test\/wp-content\/gallery\/solitudes\/2_DYO0277.jpg\"\n                   title=\"\"\n                   data-src=\"https:\/\/oliviadroeshaut.com\/test\/wp-content\/gallery\/solitudes\/2_DYO0277.jpg\"\n                   data-thumbnail=\"https:\/\/oliviadroeshaut.com\/test\/wp-content\/gallery\/solitudes\/cache\/2_DYO0277.jpg-nggid03208-ngg0dyn-320x0-00f0w010c010r110f110r010t010.jpg\"\n                   data-image-id=\"208\"\n                   data-title=\"Solitude.s. 1\"\n                   data-description=\"\"\n                   data-ngg-captions-nostylecopy=\"1\"\n                    class='nextgen_pro_lightbox' data-nplmodal-gallery-id='b88ddbc09135063e5cb04cec5474b3cb' data-ngg-protect=\"1\" data-ngg-captions-enabled=\"1\" data-ngg-captions-id=\"b88ddbc09135063e5cb04cec5474b3cb\">\n                    <picture>\n\t\n<source srcset='https:\/\/oliviadroeshaut.com\/test\/wp-content\/gallery\/solitudes\/cache\/2_DYO0277.jpg-nggid03208-ngg0dyn-320x0-00f0w010c010r110f110r010t010.jpg' media=''>\n<img title=\"Solitude.s. 1\" alt=\"Solitude.s. 1\" width=\"320\" height=\"480\" style=\"max-width:320px;max-height:480px\" src=\"https:\/\/oliviadroeshaut.com\/test\/wp-content\/gallery\/solitudes\/cache\/2_DYO0277.jpg-nggid03208-ngg0dyn-320x0-00f0w010c010r110f110r010t010.jpg\" srcset=\"https:\/\/oliviadroeshaut.com\/test\/wp-content\/gallery\/solitudes\/cache\/2_DYO0277.jpg-nggid03208-ngg0dyn-320x0-00f0w010c010r110f110r010t010.jpg\" onerror=\"nggRetryFailedImage(this);\"\/>\n<\/picture>                <\/a>\n            <\/div>\n                                            <div class='ngg-pro-masonry-item' style='height: 480px; max-width: 320px;'>\n                <a href=\"https:\/\/oliviadroeshaut.com\/test\/wp-content\/gallery\/solitudes\/3_DYO0175.jpg\"\n                   title=\"\"\n                   data-src=\"https:\/\/oliviadroeshaut.com\/test\/wp-content\/gallery\/solitudes\/3_DYO0175.jpg\"\n                   data-thumbnail=\"https:\/\/oliviadroeshaut.com\/test\/wp-content\/gallery\/solitudes\/cache\/3_DYO0175.jpg-nggid03207-ngg0dyn-320x0-00f0w010c010r110f110r010t010.jpg\"\n                   data-image-id=\"207\"\n                   data-title=\"Solitude.s. 2\"\n                   data-description=\"\"\n                   data-ngg-captions-nostylecopy=\"1\"\n                    class='nextgen_pro_lightbox' data-nplmodal-gallery-id='b88ddbc09135063e5cb04cec5474b3cb' data-ngg-protect=\"1\" data-ngg-captions-enabled=\"1\" data-ngg-captions-id=\"b88ddbc09135063e5cb04cec5474b3cb\">\n                    <picture>\n\t\n<source srcset='https:\/\/oliviadroeshaut.com\/test\/wp-content\/gallery\/solitudes\/cache\/3_DYO0175.jpg-nggid03207-ngg0dyn-320x0-00f0w010c010r110f110r010t010.jpg' media=''>\n<img title=\"Solitude.s. 2\" alt=\"Solitude.s. 2\" width=\"320\" height=\"480\" style=\"max-width:320px;max-height:480px\" src=\"https:\/\/oliviadroeshaut.com\/test\/wp-content\/gallery\/solitudes\/cache\/3_DYO0175.jpg-nggid03207-ngg0dyn-320x0-00f0w010c010r110f110r010t010.jpg\" srcset=\"https:\/\/oliviadroeshaut.com\/test\/wp-content\/gallery\/solitudes\/cache\/3_DYO0175.jpg-nggid03207-ngg0dyn-320x0-00f0w010c010r110f110r010t010.jpg\" onerror=\"nggRetryFailedImage(this);\"\/>\n<\/picture>                <\/a>\n            <\/div>\n                                            <div class='ngg-pro-masonry-item' style='height: 480px; max-width: 320px;'>\n                <a href=\"https:\/\/oliviadroeshaut.com\/test\/wp-content\/gallery\/solitudes\/4_DYO0322.jpg\"\n                   title=\"\"\n                   data-src=\"https:\/\/oliviadroeshaut.com\/test\/wp-content\/gallery\/solitudes\/4_DYO0322.jpg\"\n                   data-thumbnail=\"https:\/\/oliviadroeshaut.com\/test\/wp-content\/gallery\/solitudes\/cache\/4_DYO0322.jpg-nggid03204-ngg0dyn-320x0-00f0w010c010r110f110r010t010.jpg\"\n                   data-image-id=\"204\"\n                   data-title=\"Solitude.s. 3\"\n                   data-description=\"\"\n                   data-ngg-captions-nostylecopy=\"1\"\n                    class='nextgen_pro_lightbox' data-nplmodal-gallery-id='b88ddbc09135063e5cb04cec5474b3cb' data-ngg-protect=\"1\" data-ngg-captions-enabled=\"1\" data-ngg-captions-id=\"b88ddbc09135063e5cb04cec5474b3cb\">\n                    <picture>\n\t\n<source srcset='https:\/\/oliviadroeshaut.com\/test\/wp-content\/gallery\/solitudes\/cache\/4_DYO0322.jpg-nggid03204-ngg0dyn-320x0-00f0w010c010r110f110r010t010.jpg' media=''>\n<img title=\"Solitude.s. 3\" alt=\"Solitude.s. 3\" width=\"320\" height=\"480\" style=\"max-width:320px;max-height:480px\" src=\"https:\/\/oliviadroeshaut.com\/test\/wp-content\/gallery\/solitudes\/cache\/4_DYO0322.jpg-nggid03204-ngg0dyn-320x0-00f0w010c010r110f110r010t010.jpg\" srcset=\"https:\/\/oliviadroeshaut.com\/test\/wp-content\/gallery\/solitudes\/cache\/4_DYO0322.jpg-nggid03204-ngg0dyn-320x0-00f0w010c010r110f110r010t010.jpg\" onerror=\"nggRetryFailedImage(this);\"\/>\n<\/picture>                <\/a>\n            <\/div>\n                                            <div class='ngg-pro-masonry-item' style='height: 480px; max-width: 320px;'>\n                <a href=\"https:\/\/oliviadroeshaut.com\/test\/wp-content\/gallery\/solitudes\/5_DYO0446.jpg\"\n                   title=\"\"\n                   data-src=\"https:\/\/oliviadroeshaut.com\/test\/wp-content\/gallery\/solitudes\/5_DYO0446.jpg\"\n                   data-thumbnail=\"https:\/\/oliviadroeshaut.com\/test\/wp-content\/gallery\/solitudes\/cache\/5_DYO0446.jpg-nggid03205-ngg0dyn-320x0-00f0w010c010r110f110r010t010.jpg\"\n                   data-image-id=\"205\"\n                   data-title=\"Solitude.s. 4\"\n                   data-description=\"\"\n                   data-ngg-captions-nostylecopy=\"1\"\n                    class='nextgen_pro_lightbox' data-nplmodal-gallery-id='b88ddbc09135063e5cb04cec5474b3cb' data-ngg-protect=\"1\" data-ngg-captions-enabled=\"1\" data-ngg-captions-id=\"b88ddbc09135063e5cb04cec5474b3cb\">\n                    <picture>\n\t\n<source srcset='https:\/\/oliviadroeshaut.com\/test\/wp-content\/gallery\/solitudes\/cache\/5_DYO0446.jpg-nggid03205-ngg0dyn-320x0-00f0w010c010r110f110r010t010.jpg' media=''>\n<img title=\"Solitude.s. 4\" alt=\"Solitude.s. 4\" width=\"320\" height=\"480\" style=\"max-width:320px;max-height:480px\" src=\"https:\/\/oliviadroeshaut.com\/test\/wp-content\/gallery\/solitudes\/cache\/5_DYO0446.jpg-nggid03205-ngg0dyn-320x0-00f0w010c010r110f110r010t010.jpg\" srcset=\"https:\/\/oliviadroeshaut.com\/test\/wp-content\/gallery\/solitudes\/cache\/5_DYO0446.jpg-nggid03205-ngg0dyn-320x0-00f0w010c010r110f110r010t010.jpg\" onerror=\"nggRetryFailedImage(this);\"\/>\n<\/picture>                <\/a>\n            <\/div>\n                                            <div class='ngg-pro-masonry-item' style='height: 480px; max-width: 320px;'>\n                <a href=\"https:\/\/oliviadroeshaut.com\/test\/wp-content\/gallery\/solitudes\/6_DYO0892.jpg\"\n                   title=\"\"\n                   data-src=\"https:\/\/oliviadroeshaut.com\/test\/wp-content\/gallery\/solitudes\/6_DYO0892.jpg\"\n                   data-thumbnail=\"https:\/\/oliviadroeshaut.com\/test\/wp-content\/gallery\/solitudes\/cache\/6_DYO0892.jpg-nggid03206-ngg0dyn-320x0-00f0w010c010r110f110r010t010.jpg\"\n                   data-image-id=\"206\"\n                   data-title=\"Solitude.s. 5\"\n                   data-description=\"\"\n                   data-ngg-captions-nostylecopy=\"1\"\n                    class='nextgen_pro_lightbox' data-nplmodal-gallery-id='b88ddbc09135063e5cb04cec5474b3cb' data-ngg-protect=\"1\" data-ngg-captions-enabled=\"1\" data-ngg-captions-id=\"b88ddbc09135063e5cb04cec5474b3cb\">\n                    <picture>\n\t\n<source srcset='https:\/\/oliviadroeshaut.com\/test\/wp-content\/gallery\/solitudes\/cache\/6_DYO0892.jpg-nggid03206-ngg0dyn-320x0-00f0w010c010r110f110r010t010.jpg' media=''>\n<img title=\"Solitude.s. 5\" alt=\"Solitude.s. 5\" width=\"320\" height=\"480\" style=\"max-width:320px;max-height:480px\" src=\"https:\/\/oliviadroeshaut.com\/test\/wp-content\/gallery\/solitudes\/cache\/6_DYO0892.jpg-nggid03206-ngg0dyn-320x0-00f0w010c010r110f110r010t010.jpg\" srcset=\"https:\/\/oliviadroeshaut.com\/test\/wp-content\/gallery\/solitudes\/cache\/6_DYO0892.jpg-nggid03206-ngg0dyn-320x0-00f0w010c010r110f110r010t010.jpg\" onerror=\"nggRetryFailedImage(this);\"\/>\n<\/picture>                <\/a>\n            <\/div>\n                                            <div class='ngg-pro-masonry-item' style='height: 480px; max-width: 320px;'>\n                <a href=\"https:\/\/oliviadroeshaut.com\/test\/wp-content\/gallery\/solitudes\/7_DYO1087.jpg\"\n                   title=\"\"\n                   data-src=\"https:\/\/oliviadroeshaut.com\/test\/wp-content\/gallery\/solitudes\/7_DYO1087.jpg\"\n                   data-thumbnail=\"https:\/\/oliviadroeshaut.com\/test\/wp-content\/gallery\/solitudes\/cache\/7_DYO1087.jpg-nggid03210-ngg0dyn-320x0-00f0w010c010r110f110r010t010.jpg\"\n                   data-image-id=\"210\"\n                   data-title=\"Solitude.s. 6\"\n                   data-description=\"\"\n                   data-ngg-captions-nostylecopy=\"1\"\n                    class='nextgen_pro_lightbox' data-nplmodal-gallery-id='b88ddbc09135063e5cb04cec5474b3cb' data-ngg-protect=\"1\" data-ngg-captions-enabled=\"1\" data-ngg-captions-id=\"b88ddbc09135063e5cb04cec5474b3cb\">\n                    <picture>\n\t\n<source srcset='https:\/\/oliviadroeshaut.com\/test\/wp-content\/gallery\/solitudes\/cache\/7_DYO1087.jpg-nggid03210-ngg0dyn-320x0-00f0w010c010r110f110r010t010.jpg' media=''>\n<img title=\"Solitude.s. 6\" alt=\"Solitude.s. 6\" width=\"320\" height=\"480\" style=\"max-width:320px;max-height:480px\" src=\"https:\/\/oliviadroeshaut.com\/test\/wp-content\/gallery\/solitudes\/cache\/7_DYO1087.jpg-nggid03210-ngg0dyn-320x0-00f0w010c010r110f110r010t010.jpg\" srcset=\"https:\/\/oliviadroeshaut.com\/test\/wp-content\/gallery\/solitudes\/cache\/7_DYO1087.jpg-nggid03210-ngg0dyn-320x0-00f0w010c010r110f110r010t010.jpg\" onerror=\"nggRetryFailedImage(this);\"\/>\n<\/picture>                <\/a>\n            <\/div>\n                                            <\/div><\/div>\n","protected":false},"excerpt":{"rendered":"<p>\u00ab\u00a0Le petit a \u00e9t\u00e9 exclusivement nourri par sa m\u00e8re. Un homme l\u2019a assomm\u00e9. Il a tranch\u00e9 une art\u00e8re et le sang a coul\u00e9. Il a enlev\u00e9 les organes encore chauds. Le petit a \u00e9t\u00e9 lav\u00e9, farci, r\u00f4ti. Servi \u00e0 notre table. Elles sont mon pass\u00e9 et mon avenir. Tu nous regardes et tu nous juges [&hellip;]<\/p>\n","protected":false},"author":1,"featured_media":0,"parent":0,"menu_order":0,"comment_status":"closed","ping_status":"closed","template":"","meta":{"ngg_post_thumbnail":0,"footnotes":""},"class_list":["post-8149","page","type-page","status-publish","hentry","entry"],"_links":{"self":[{"href":"https:\/\/oliviadroeshaut.com\/test\/wp-json\/wp\/v2\/pages\/8149","targetHints":{"allow":["GET"]}}],"collection":[{"href":"https:\/\/oliviadroeshaut.com\/test\/wp-json\/wp\/v2\/pages"}],"about":[{"href":"https:\/\/oliviadroeshaut.com\/test\/wp-json\/wp\/v2\/types\/page"}],"author":[{"embeddable":true,"href":"https:\/\/oliviadroeshaut.com\/test\/wp-json\/wp\/v2\/users\/1"}],"replies":[{"embeddable":true,"href":"https:\/\/oliviadroeshaut.com\/test\/wp-json\/wp\/v2\/comments?post=8149"}],"version-history":[{"count":19,"href":"https:\/\/oliviadroeshaut.com\/test\/wp-json\/wp\/v2\/pages\/8149\/revisions"}],"predecessor-version":[{"id":8177,"href":"https:\/\/oliviadroeshaut.com\/test\/wp-json\/wp\/v2\/pages\/8149\/revisions\/8177"}],"wp:attachment":[{"href":"https:\/\/oliviadroeshaut.com\/test\/wp-json\/wp\/v2\/media?parent=8149"}],"curies":[{"name":"wp","href":"https:\/\/api.w.org\/{rel}","templated":true}]}}